{"id":287,"date":"2018-07-13T14:40:52","date_gmt":"2018-07-13T14:40:52","guid":{"rendered":"http:\/\/www.reencontro.pt\/?page_id=287"},"modified":"2018-07-17T12:46:22","modified_gmt":"2018-07-17T12:46:22","slug":"faca-se-socio","status":"publish","type":"page","link":"https:\/\/www.reencontro.pt\/index.php\/faca-se-socio\/","title":{"rendered":"Fa\u00e7a-se S\u00f3cio"},"content":{"rendered":"<div id=\"pl-287\"  class=\"panel-layout\" ><div id=\"pg-287-0\"  class=\"panel-grid panel-has-style\" ><div style=\"padding: 100px 0; \" data-overlay=\"true\" data-overlay-color=\"#000000\" class=\"panel-row-style panel-row-style-for-287-0\" ><div id=\"pgc-287-0-0\"  class=\"panel-grid-cell\" ><div id=\"panel-287-0-0-0\" class=\"so-panel widget widget_sow-editor panel-first-child panel-last-child\" data-index=\"0\" ><div style=\"text-align: left;\" data-title-color=\"#443f3f\" data-headings-color=\"#443f3f\" class=\"panel-widget-style panel-widget-style-for-287-0-0-0\" ><div\n\t\t\t\n\t\t\tclass=\"so-widget-sow-editor so-widget-sow-editor-base\"\n\t\t\t\n\t\t><h3 class=\"widget-title\">Ficha de inscri\u00e7\u00e3o para s\u00f3cio<\/h3>\n<div class=\"siteorigin-widget-tinymce textwidget\">\n\tPlease select a valid form\n<\/div>\n<\/div><\/div><\/div><\/div><div id=\"pgc-287-0-1\"  class=\"panel-grid-cell\" ><div id=\"panel-287-0-1-0\" class=\"so-panel widget widget_sow-editor panel-first-child panel-last-child\" data-index=\"1\" ><div style=\"text-align: left;\" data-title-color=\"#443f3f\" data-headings-color=\"#443f3f\" class=\"panel-widget-style panel-widget-style-for-287-0-1-0\" ><div\n\t\t\t\n\t\t\tclass=\"so-widget-sow-editor so-widget-sow-editor-base\"\n\t\t\t\n\t\t>\n<div class=\"siteorigin-widget-tinymce textwidget\">\n\t<p>Fa\u00e7a-se s\u00f3cio da Reencontro e obtenha descontos nos nossos parceiros.<\/p>\n<p>Preencha o formul\u00e1rio, pode efetuar o pagamento da sua quotiza\u00e7\u00e3o atrav\u00e9s de transfer\u00eancia Banc\u00e1ria ou diretamente nas nossas instala\u00e7\u00f5es.<\/p>\n<p>Dados banc\u00e1rios:<\/p>\n<p><strong>Banco:<\/strong> Caixa de Cr\u00e9dito Agr\u00edcola<\/p>\n<p><strong>Entidade:<\/strong> Reencontro-Assoc.social.educativa e cultural, IPSS<\/p>\n<p><strong>IBAN:\u00a0<\/strong>PT50 00454 06040265771787 48<\/p>\n<p><strong>BIC\/SWIFT: <\/strong>CCCMPTPL<\/p>\n<p>&nbsp;<\/p>\n<\/div>\n<\/div><\/div><\/div><\/div><\/div><\/div><\/div>","protected":false},"excerpt":{"rendered":"<p>Fa\u00e7a-se s\u00f3cio da Reencontro e obtenha descontos nos nossos parceiros. Preencha o formul\u00e1rio, pode efetuar o pagamento da sua quotiza\u00e7\u00e3o atrav\u00e9s de transfer\u00eancia Banc\u00e1ria ou diretamente nas nossas instala\u00e7\u00f5es. Dados banc\u00e1rios: Banco: Caixa de Cr\u00e9dito Agr\u00edcola Entidade: Reencontro-Assoc.social.educativa e cultural, IPSS IBAN:\u00a0PT50 00454 06040265771787 48 BIC\/SWIFT: CCCMPTPL &nbsp;<\/p>\n","protected":false},"author":4,"featured_media":0,"parent":0,"menu_order":0,"comment_status":"closed","ping_status":"closed","template":"page-templates\/page_front-page.php","meta":{"footnotes":""},"class_list":["post-287","page","type-page","status-publish","hentry"],"yoast_head":"<!-- This site is optimized with the Yoast SEO plugin v27.5 - https:\/\/yoast.com\/product\/yoast-seo-wordpress\/ -->\n<title>Fa\u00e7a-se S\u00f3cio - Reencontro<\/title>\n<meta name=\"robots\" content=\"index, follow, max-snippet:-1, max-image-preview:large, max-video-preview:-1\" \/>\n<link rel=\"canonical\" href=\"https:\/\/www.reencontro.pt\/index.php\/faca-se-socio\/\" \/>\n<meta property=\"og:locale\" content=\"pt_PT\" \/>\n<meta property=\"og:type\" content=\"article\" \/>\n<meta property=\"og:title\" content=\"Fa\u00e7a-se S\u00f3cio - Reencontro\" \/>\n<meta property=\"og:description\" content=\"Fa\u00e7a-se s\u00f3cio da Reencontro e obtenha descontos nos nossos parceiros. Preencha o formul\u00e1rio, pode efetuar o pagamento da sua quotiza\u00e7\u00e3o atrav\u00e9s de transfer\u00eancia Banc\u00e1ria ou diretamente nas nossas instala\u00e7\u00f5es. Dados banc\u00e1rios: Banco: Caixa de Cr\u00e9dito Agr\u00edcola Entidade: Reencontro-Assoc.social.educativa e cultural, IPSS IBAN:\u00a0PT50 00454 06040265771787 48 BIC\/SWIFT: CCCMPTPL &nbsp;\" \/>\n<meta property=\"og:url\" content=\"https:\/\/www.reencontro.pt\/index.php\/faca-se-socio\/\" \/>\n<meta property=\"og:site_name\" content=\"Reencontro\" \/>\n<meta property=\"article:publisher\" content=\"https:\/\/www.facebook.com\/Reencontro-1465154387051680\/\" \/>\n<meta property=\"article:modified_time\" content=\"2018-07-17T12:46:22+00:00\" \/>\n<meta name=\"twitter:card\" content=\"summary_large_image\" \/>\n<script type=\"application\/ld+json\" class=\"yoast-schema-graph\">{\"@context\":\"https:\\\/\\\/schema.org\",\"@graph\":[{\"@type\":\"WebPage\",\"@id\":\"https:\\\/\\\/www.reencontro.pt\\\/index.php\\\/faca-se-socio\\\/\",\"url\":\"https:\\\/\\\/www.reencontro.pt\\\/index.php\\\/faca-se-socio\\\/\",\"name\":\"Fa\u00e7a-se S\u00f3cio - Reencontro\",\"isPartOf\":{\"@id\":\"https:\\\/\\\/www.reencontro.pt\\\/#website\"},\"datePublished\":\"2018-07-13T14:40:52+00:00\",\"dateModified\":\"2018-07-17T12:46:22+00:00\",\"breadcrumb\":{\"@id\":\"https:\\\/\\\/www.reencontro.pt\\\/index.php\\\/faca-se-socio\\\/#breadcrumb\"},\"inLanguage\":\"pt-PT\",\"potentialAction\":[{\"@type\":\"ReadAction\",\"target\":[\"https:\\\/\\\/www.reencontro.pt\\\/index.php\\\/faca-se-socio\\\/\"]}]},{\"@type\":\"BreadcrumbList\",\"@id\":\"https:\\\/\\\/www.reencontro.pt\\\/index.php\\\/faca-se-socio\\\/#breadcrumb\",\"itemListElement\":[{\"@type\":\"ListItem\",\"position\":1,\"name\":\"Home\",\"item\":\"https:\\\/\\\/www.reencontro.pt\\\/\"},{\"@type\":\"ListItem\",\"position\":2,\"name\":\"Fa\u00e7a-se S\u00f3cio\"}]},{\"@type\":\"WebSite\",\"@id\":\"https:\\\/\\\/www.reencontro.pt\\\/#website\",\"url\":\"https:\\\/\\\/www.reencontro.pt\\\/\",\"name\":\"Reencontro\",\"description\":\"Associa\u00e7\u00e3o\",\"publisher\":{\"@id\":\"https:\\\/\\\/www.reencontro.pt\\\/#organization\"},\"potentialAction\":[{\"@type\":\"SearchAction\",\"target\":{\"@type\":\"EntryPoint\",\"urlTemplate\":\"https:\\\/\\\/www.reencontro.pt\\\/?s={search_term_string}\"},\"query-input\":{\"@type\":\"PropertyValueSpecification\",\"valueRequired\":true,\"valueName\":\"search_term_string\"}}],\"inLanguage\":\"pt-PT\"},{\"@type\":\"Organization\",\"@id\":\"https:\\\/\\\/www.reencontro.pt\\\/#organization\",\"name\":\"Associa\u00e7\u00e3o Reencontro\",\"url\":\"https:\\\/\\\/www.reencontro.pt\\\/\",\"logo\":{\"@type\":\"ImageObject\",\"inLanguage\":\"pt-PT\",\"@id\":\"https:\\\/\\\/www.reencontro.pt\\\/#\\\/schema\\\/logo\\\/image\\\/\",\"url\":\"https:\\\/\\\/www.reencontro.pt\\\/wp-content\\\/uploads\\\/2018\\\/07\\\/logo11.png\",\"contentUrl\":\"https:\\\/\\\/www.reencontro.pt\\\/wp-content\\\/uploads\\\/2018\\\/07\\\/logo11.png\",\"width\":443,\"height\":174,\"caption\":\"Associa\u00e7\u00e3o Reencontro\"},\"image\":{\"@id\":\"https:\\\/\\\/www.reencontro.pt\\\/#\\\/schema\\\/logo\\\/image\\\/\"},\"sameAs\":[\"https:\\\/\\\/www.facebook.com\\\/Reencontro-1465154387051680\\\/\"]}]}<\/script>\n<!-- \/ Yoast SEO plugin. -->","yoast_head_json":{"title":"Fa\u00e7a-se S\u00f3cio - Reencontro","robots":{"index":"index","follow":"follow","max-snippet":"max-snippet:-1","max-image-preview":"max-image-preview:large","max-video-preview":"max-video-preview:-1"},"canonical":"https:\/\/www.reencontro.pt\/index.php\/faca-se-socio\/","og_locale":"pt_PT","og_type":"article","og_title":"Fa\u00e7a-se S\u00f3cio - Reencontro","og_description":"Fa\u00e7a-se s\u00f3cio da Reencontro e obtenha descontos nos nossos parceiros. Preencha o formul\u00e1rio, pode efetuar o pagamento da sua quotiza\u00e7\u00e3o atrav\u00e9s de transfer\u00eancia Banc\u00e1ria ou diretamente nas nossas instala\u00e7\u00f5es. Dados banc\u00e1rios: Banco: Caixa de Cr\u00e9dito Agr\u00edcola Entidade: Reencontro-Assoc.social.educativa e cultural, IPSS IBAN:\u00a0PT50 00454 06040265771787 48 BIC\/SWIFT: CCCMPTPL &nbsp;","og_url":"https:\/\/www.reencontro.pt\/index.php\/faca-se-socio\/","og_site_name":"Reencontro","article_publisher":"https:\/\/www.facebook.com\/Reencontro-1465154387051680\/","article_modified_time":"2018-07-17T12:46:22+00:00","twitter_card":"summary_large_image","schema":{"@context":"https:\/\/schema.org","@graph":[{"@type":"WebPage","@id":"https:\/\/www.reencontro.pt\/index.php\/faca-se-socio\/","url":"https:\/\/www.reencontro.pt\/index.php\/faca-se-socio\/","name":"Fa\u00e7a-se S\u00f3cio - Reencontro","isPartOf":{"@id":"https:\/\/www.reencontro.pt\/#website"},"datePublished":"2018-07-13T14:40:52+00:00","dateModified":"2018-07-17T12:46:22+00:00","breadcrumb":{"@id":"https:\/\/www.reencontro.pt\/index.php\/faca-se-socio\/#breadcrumb"},"inLanguage":"pt-PT","potentialAction":[{"@type":"ReadAction","target":["https:\/\/www.reencontro.pt\/index.php\/faca-se-socio\/"]}]},{"@type":"BreadcrumbList","@id":"https:\/\/www.reencontro.pt\/index.php\/faca-se-socio\/#breadcrumb","itemListElement":[{"@type":"ListItem","position":1,"name":"Home","item":"https:\/\/www.reencontro.pt\/"},{"@type":"ListItem","position":2,"name":"Fa\u00e7a-se S\u00f3cio"}]},{"@type":"WebSite","@id":"https:\/\/www.reencontro.pt\/#website","url":"https:\/\/www.reencontro.pt\/","name":"Reencontro","description":"Associa\u00e7\u00e3o","publisher":{"@id":"https:\/\/www.reencontro.pt\/#organization"},"potentialAction":[{"@type":"SearchAction","target":{"@type":"EntryPoint","urlTemplate":"https:\/\/www.reencontro.pt\/?s={search_term_string}"},"query-input":{"@type":"PropertyValueSpecification","valueRequired":true,"valueName":"search_term_string"}}],"inLanguage":"pt-PT"},{"@type":"Organization","@id":"https:\/\/www.reencontro.pt\/#organization","name":"Associa\u00e7\u00e3o Reencontro","url":"https:\/\/www.reencontro.pt\/","logo":{"@type":"ImageObject","inLanguage":"pt-PT","@id":"https:\/\/www.reencontro.pt\/#\/schema\/logo\/image\/","url":"https:\/\/www.reencontro.pt\/wp-content\/uploads\/2018\/07\/logo11.png","contentUrl":"https:\/\/www.reencontro.pt\/wp-content\/uploads\/2018\/07\/logo11.png","width":443,"height":174,"caption":"Associa\u00e7\u00e3o Reencontro"},"image":{"@id":"https:\/\/www.reencontro.pt\/#\/schema\/logo\/image\/"},"sameAs":["https:\/\/www.facebook.com\/Reencontro-1465154387051680\/"]}]}},"_links":{"self":[{"href":"https:\/\/www.reencontro.pt\/index.php\/wp-json\/wp\/v2\/pages\/287","targetHints":{"allow":["GET"]}}],"collection":[{"href":"https:\/\/www.reencontro.pt\/index.php\/wp-json\/wp\/v2\/pages"}],"about":[{"href":"https:\/\/www.reencontro.pt\/index.php\/wp-json\/wp\/v2\/types\/page"}],"author":[{"embeddable":true,"href":"https:\/\/www.reencontro.pt\/index.php\/wp-json\/wp\/v2\/users\/4"}],"replies":[{"embeddable":true,"href":"https:\/\/www.reencontro.pt\/index.php\/wp-json\/wp\/v2\/comments?post=287"}],"version-history":[{"count":12,"href":"https:\/\/www.reencontro.pt\/index.php\/wp-json\/wp\/v2\/pages\/287\/revisions"}],"predecessor-version":[{"id":440,"href":"https:\/\/www.reencontro.pt\/index.php\/wp-json\/wp\/v2\/pages\/287\/revisions\/440"}],"wp:attachment":[{"href":"https:\/\/www.reencontro.pt\/index.php\/wp-json\/wp\/v2\/media?parent=287"}],"curies":[{"name":"wp","href":"https:\/\/api.w.org\/{rel}","templated":true}]}}